{"id":1030,"date":"2023-10-02T10:16:00","date_gmt":"2023-10-02T10:16:00","guid":{"rendered":"https:\/\/sportmediafocus.com\/?page_id=1030"},"modified":"2023-12-24T11:44:03","modified_gmt":"2023-12-24T09:44:03","slug":"politika-zasebnosti","status":"publish","type":"page","link":"https:\/\/sportmediafocus.com\/en\/politika-zasebnosti\/","title":{"rendered":"Privacy policy"},"content":{"rendered":"<div data-elementor-type=\"wp-page\" data-elementor-id=\"1030\" class=\"elementor elementor-1030\" data-elementor-post-type=\"page\">\n\t\t\t\t\t\t<section class=\"elementor-section elementor-top-section elementor-element elementor-element-6df4c462 elementor-section-boxed elementor-section-height-default elementor-section-height-default\" data-id=\"6df4c462\" data-element_type=\"section\" data-settings=\"{&quot;jet_parallax_layout_list&quot;:[]}\">\n\t\t\t\t\t\t<div class=\"elementor-container elementor-column-gap-default\">\n\t\t\t\t\t<div class=\"elementor-column elementor-col-100 elementor-top-column elementor-element elementor-element-5959f3d8\" data-id=\"5959f3d8\" data-element_type=\"column\">\n\t\t\t<div class=\"elementor-widget-wrap elementor-element-populated\">\n\t\t\t\t\t\t<div class=\"elementor-element elementor-element-6778440d elementor-widget elementor-widget-heading\" data-id=\"6778440d\" data-element_type=\"widget\" data-widget_type=\"heading.default\">\n\t\t\t\t<div class=\"elementor-widget-container\">\n\t\t\t\t\t<h2 class=\"elementor-heading-title elementor-size-default\">Privacy policy<\/h2>\t\t\t\t<\/div>\n\t\t\t\t<\/div>\n\t\t\t\t<div class=\"elementor-element elementor-element-6a85d0a0 elementor-widget elementor-widget-text-editor\" data-id=\"6a85d0a0\" data-element_type=\"widget\" data-widget_type=\"text-editor.default\">\n\t\t\t\t<div class=\"elementor-widget-container\">\n\t\t\t\t\t\t\t\t\t<p>Your privacy and the protection of your personal data are extremely important to us. In this privacy policy, we explain how we collect, use, disclose, transfer and store your personal information. Please read this privacy policy carefully to understand how we handle your information.<\/p><ol><li><p><b>Collection of personal data:\u00a0<\/b>We collect personal information that you provide to us voluntarily when you use our services or interact with us. This may include information such as your name, address, email address, telephone number, payment information and other information that enables us to identify or contact you.<\/p><\/li><li><p><b>Use of personal data:<\/b>\u00a0We use your personal data for various purposes, including:<\/p><\/li><\/ol><ul><li>Providing and improving our services and adapting content to your interests.<\/li><li>Processing payments and fulfilling orders you have placed.<\/li><li>Responding to your questions, requests or complaints.<\/li><li>Sending you information about new products, special offers or other promotional activities that may be of interest to you.<\/li><li>Conducting analysis and research to improve our business and understand user needs.<\/li><li>Fulfilling legal obligations and exercising our rights.<\/li><\/ul><ol start=\"3\"><li><b>Disclosure of Personal Information:<\/b>\u00a0We may disclose your personal data only in certain cases, namely:<\/li><\/ol><ul><li>With your express consent.<\/li><li>In order to fulfill your order or provide the requested service.<\/li><li>In case we are legally obliged to disclose data.<\/li><li>To protect our legal rights, safety and assets and to prevent fraud and abuse.<\/li><li>If this is necessary for the performance of contracts or services performed by third parties on our behalf.<\/li><\/ul><ol start=\"4\"><li><b>Transfer of personal data:<\/b>\u00a0We may also transfer your personal data to third parties, including subcontractors and external service providers who help us perform our services. We guarantee that all our contractual partners are<\/li><\/ol><p>obliged to respect the same standards of privacy and data protection as we provide. The transfer of personal data takes place in accordance with the applicable data protection legislation and the relevant data processing agreement.<\/p><ol start=\"5\"><li><p><b>Storage of personal data:<\/b>\u00a0We only keep your personal data for as long as is necessary to achieve the purposes for which they were collected, unless a longer retention period is required in accordance with legal obligations. We use appropriate technical and organizational measures to protect data from unauthorized access, loss, misuse or damage.<\/p><\/li><li><p><b>Your rights:\u00a0<\/b>You have the right to access your personal data, correct it, restrict processing or request deletion in accordance with applicable data protection legislation. You also have the right to data portability and to object to the processing of your personal data for direct marketing purposes. To exercise these rights, please contact us using the contact information provided below.<\/p><\/li><li><p><b>Cookies and tracking technologies:<\/b>\u00a0Our website may use cookies and similar tracking technologies that allow us to collect certain information about your use of our website. This information is used to improve user experience, analytics and content customization. You can adjust your cookie settings according to your preferences.<\/p><\/li><li><p><b>Privacy Policy Changes:<\/b>\u00a0The Privacy Policy may be updated from time to time. In case of significant changes, we will notify users with a clearly visible notice on our website or through another suitable communication channel.<\/p><\/li><\/ol><p>If you have any questions, concerns or requests regarding our privacy policy or the processing of your personal data, please contact us via the following contacts:<\/p><p>uros@svsdev.com<\/p><p>Thank you for trusting our services.<\/p>\t\t\t\t\t\t\t\t<\/div>\n\t\t\t\t<\/div>\n\t\t\t\t\t<\/div>\n\t\t<\/div>\n\t\t\t\t\t<\/div>\n\t\t<\/section>\n\t\t\t\t<\/div>","protected":false},"excerpt":{"rendered":"<p>Politika zasebnosti Va\u0161a zasebnost in varstvo va\u0161ih osebnih podatkov sta za nas izjemno pomembna. V tej politiki zasebnosti pojasnjujemo, kako zbiramo, uporabljamo, razkrivamo, prena\u0161amo in shranjujemo va\u0161e osebne podatke. Prosimo, preberite to politiko zasebnosti skrbno, da boste razumeli, kako ravnamo z va\u0161imi podatki. Zbiranje osebnih podatkov:\u00a0Zbiramo osebne podatke, ki nam jih posredujete prostovoljno, ko uporabljate [&hellip;]<\/p>","protected":false},"author":1,"featured_media":0,"parent":0,"menu_order":0,"comment_status":"closed","ping_status":"closed","template":"elementor_header_footer","meta":{"site-sidebar-layout":"no-sidebar","site-content-layout":"page-builder","ast-site-content-layout":"","site-content-style":"default","site-sidebar-style":"default","ast-global-header-display":"","ast-banner-title-visibility":"","ast-main-header-display":"","ast-hfb-above-header-display":"","ast-hfb-below-header-display":"","ast-hfb-mobile-header-display":"","site-post-title":"disabled","ast-breadcrumbs-content":"","ast-featured-img":"disabled","footer-sml-layout":"","theme-transparent-header-meta":"","adv-header-id-meta":"","stick-header-meta":"","header-above-stick-meta":"","header-main-stick-meta":"","header-below-stick-meta":"","astra-migrate-meta-layouts":"default","ast-page-background-enabled":"default","ast-page-background-meta":{"desktop":{"background-color":"var(--ast-global-color-4)","background-image":"","background-repeat":"repeat","background-position":"center center","background-size":"auto","background-attachment":"scroll","background-type":"","background-media":"","overlay-type":"","overlay-color":"","overlay-gradient":""},"tablet":{"background-color":"","background-image":"","background-repeat":"repeat","background-position":"center center","background-size":"auto","background-attachment":"scroll","background-type":"","background-media":"","overlay-type":"","overlay-color":"","overlay-gradient":""},"mobile":{"background-color":"","background-image":"","background-repeat":"repeat","background-position":"center center","background-size":"auto","background-attachment":"scroll","background-type":"","background-media":"","overlay-type":"","overlay-color":"","overlay-gradient":""}},"ast-content-background-meta":{"desktop":{"background-color":"var(--ast-global-color-5)","background-image":"","background-repeat":"repeat","background-position":"center center","background-size":"auto","background-attachment":"scroll","background-type":"","background-media":"","overlay-type":"","overlay-color":"","overlay-gradient":""},"tablet":{"background-color":"var(--ast-global-color-5)","background-image":"","background-repeat":"repeat","background-position":"center center","background-size":"auto","background-attachment":"scroll","background-type":"","background-media":"","overlay-type":"","overlay-color":"","overlay-gradient":""},"mobile":{"background-color":"var(--ast-global-color-5)","background-image":"","background-repeat":"repeat","background-position":"center center","background-size":"auto","background-attachment":"scroll","background-type":"","background-media":"","overlay-type":"","overlay-color":"","overlay-gradient":""}},"footnotes":""},"class_list":["post-1030","page","type-page","status-publish","hentry"],"acf":[],"yoast_head":"<!-- This site is optimized with the Yoast SEO plugin v24.2 - https:\/\/yoast.com\/wordpress\/plugins\/seo\/ -->\n<title>Politika zasebnosti - Sport Media Focus<\/title>\n<meta name=\"robots\" content=\"noindex, follow\" \/>\n<meta property=\"og:locale\" content=\"en_US\" \/>\n<meta property=\"og:type\" content=\"article\" \/>\n<meta property=\"og:title\" content=\"Politika zasebnosti - Sport Media Focus\" \/>\n<meta property=\"og:description\" content=\"Politika zasebnosti Va\u0161a zasebnost in varstvo va\u0161ih osebnih podatkov sta za nas izjemno pomembna. V tej politiki zasebnosti pojasnjujemo, kako zbiramo, uporabljamo, razkrivamo, prena\u0161amo in shranjujemo va\u0161e osebne podatke. Prosimo, preberite to politiko zasebnosti skrbno, da boste razumeli, kako ravnamo z va\u0161imi podatki. Zbiranje osebnih podatkov:\u00a0Zbiramo osebne podatke, ki nam jih posredujete prostovoljno, ko uporabljate [&hellip;]\" \/>\n<meta property=\"og:url\" content=\"https:\/\/sportmediafocus.com\/en\/politika-zasebnosti\/\" \/>\n<meta property=\"og:site_name\" content=\"Sport Media Focus\" \/>\n<meta property=\"article:modified_time\" content=\"2023-12-24T09:44:03+00:00\" \/>\n<meta property=\"og:image\" content=\"https:\/\/sportmediafocus.com\/wp-content\/uploads\/2023\/12\/unnamed.jpg\" \/>\n\t<meta property=\"og:image:width\" content=\"680\" \/>\n\t<meta property=\"og:image:height\" content=\"382\" \/>\n\t<meta property=\"og:image:type\" content=\"image\/jpeg\" \/>\n<meta name=\"twitter:card\" content=\"summary_large_image\" \/>\n<meta name=\"twitter:label1\" content=\"Est. reading time\" \/>\n\t<meta name=\"twitter:data1\" content=\"3 minutes\" \/>\n<script type=\"application\/ld+json\" class=\"yoast-schema-graph\">{\"@context\":\"https:\/\/schema.org\",\"@graph\":[{\"@type\":\"WebPage\",\"@id\":\"https:\/\/sportmediafocus.com\/politika-zasebnosti\/\",\"url\":\"https:\/\/sportmediafocus.com\/politika-zasebnosti\/\",\"name\":\"Politika zasebnosti - Sport Media Focus\",\"isPartOf\":{\"@id\":\"https:\/\/sportmediafocus.com\/#website\"},\"datePublished\":\"2023-10-02T10:16:00+00:00\",\"dateModified\":\"2023-12-24T09:44:03+00:00\",\"breadcrumb\":{\"@id\":\"https:\/\/sportmediafocus.com\/politika-zasebnosti\/#breadcrumb\"},\"inLanguage\":\"en-US\",\"potentialAction\":[{\"@type\":\"ReadAction\",\"target\":[\"https:\/\/sportmediafocus.com\/politika-zasebnosti\/\"]}]},{\"@type\":\"BreadcrumbList\",\"@id\":\"https:\/\/sportmediafocus.com\/politika-zasebnosti\/#breadcrumb\",\"itemListElement\":[{\"@type\":\"ListItem\",\"position\":1,\"name\":\"Home\",\"item\":\"https:\/\/sportmediafocus.com\/\"},{\"@type\":\"ListItem\",\"position\":2,\"name\":\"Politika zasebnosti\"}]},{\"@type\":\"WebSite\",\"@id\":\"https:\/\/sportmediafocus.com\/#website\",\"url\":\"https:\/\/sportmediafocus.com\/\",\"name\":\"Sport Media Focus\",\"description\":\"Komuniciranje v \u0161portu\",\"publisher\":{\"@id\":\"https:\/\/sportmediafocus.com\/#organization\"},\"potentialAction\":[{\"@type\":\"SearchAction\",\"target\":{\"@type\":\"EntryPoint\",\"urlTemplate\":\"https:\/\/sportmediafocus.com\/?s={search_term_string}\"},\"query-input\":{\"@type\":\"PropertyValueSpecification\",\"valueRequired\":true,\"valueName\":\"search_term_string\"}}],\"inLanguage\":\"en-US\"},{\"@type\":\"Organization\",\"@id\":\"https:\/\/sportmediafocus.com\/#organization\",\"name\":\"Sport Media Focus\",\"url\":\"https:\/\/sportmediafocus.com\/\",\"logo\":{\"@type\":\"ImageObject\",\"inLanguage\":\"en-US\",\"@id\":\"https:\/\/sportmediafocus.com\/#\/schema\/logo\/image\/\",\"url\":\"https:\/\/sportmediafocus.com\/wp-content\/uploads\/2023\/06\/cropped-cropped-Screenshot-2023-06-26-at-20.20.54.png\",\"contentUrl\":\"https:\/\/sportmediafocus.com\/wp-content\/uploads\/2023\/06\/cropped-cropped-Screenshot-2023-06-26-at-20.20.54.png\",\"width\":512,\"height\":512,\"caption\":\"Sport Media Focus\"},\"image\":{\"@id\":\"https:\/\/sportmediafocus.com\/#\/schema\/logo\/image\/\"}}]}<\/script>\n<!-- \/ Yoast SEO plugin. -->","yoast_head_json":{"title":"Politika zasebnosti - Sport Media Focus","robots":{"index":"noindex","follow":"follow"},"og_locale":"en_US","og_type":"article","og_title":"Politika zasebnosti - Sport Media Focus","og_description":"Politika zasebnosti Va\u0161a zasebnost in varstvo va\u0161ih osebnih podatkov sta za nas izjemno pomembna. V tej politiki zasebnosti pojasnjujemo, kako zbiramo, uporabljamo, razkrivamo, prena\u0161amo in shranjujemo va\u0161e osebne podatke. Prosimo, preberite to politiko zasebnosti skrbno, da boste razumeli, kako ravnamo z va\u0161imi podatki. Zbiranje osebnih podatkov:\u00a0Zbiramo osebne podatke, ki nam jih posredujete prostovoljno, ko uporabljate [&hellip;]","og_url":"https:\/\/sportmediafocus.com\/en\/politika-zasebnosti\/","og_site_name":"Sport Media Focus","article_modified_time":"2023-12-24T09:44:03+00:00","og_image":[{"width":680,"height":382,"url":"https:\/\/sportmediafocus.com\/wp-content\/uploads\/2023\/12\/unnamed.jpg","type":"image\/jpeg"}],"twitter_card":"summary_large_image","twitter_misc":{"Est. reading time":"3 minutes"},"schema":{"@context":"https:\/\/schema.org","@graph":[{"@type":"WebPage","@id":"https:\/\/sportmediafocus.com\/politika-zasebnosti\/","url":"https:\/\/sportmediafocus.com\/politika-zasebnosti\/","name":"Politika zasebnosti - Sport Media Focus","isPartOf":{"@id":"https:\/\/sportmediafocus.com\/#website"},"datePublished":"2023-10-02T10:16:00+00:00","dateModified":"2023-12-24T09:44:03+00:00","breadcrumb":{"@id":"https:\/\/sportmediafocus.com\/politika-zasebnosti\/#breadcrumb"},"inLanguage":"en-US","potentialAction":[{"@type":"ReadAction","target":["https:\/\/sportmediafocus.com\/politika-zasebnosti\/"]}]},{"@type":"BreadcrumbList","@id":"https:\/\/sportmediafocus.com\/politika-zasebnosti\/#breadcrumb","itemListElement":[{"@type":"ListItem","position":1,"name":"Home","item":"https:\/\/sportmediafocus.com\/"},{"@type":"ListItem","position":2,"name":"Politika zasebnosti"}]},{"@type":"WebSite","@id":"https:\/\/sportmediafocus.com\/#website","url":"https:\/\/sportmediafocus.com\/","name":"Sport Media Focus","description":"Komuniciranje v \u0161portu","publisher":{"@id":"https:\/\/sportmediafocus.com\/#organization"},"potentialAction":[{"@type":"SearchAction","target":{"@type":"EntryPoint","urlTemplate":"https:\/\/sportmediafocus.com\/?s={search_term_string}"},"query-input":{"@type":"PropertyValueSpecification","valueRequired":true,"valueName":"search_term_string"}}],"inLanguage":"en-US"},{"@type":"Organization","@id":"https:\/\/sportmediafocus.com\/#organization","name":"Sport Media Focus","url":"https:\/\/sportmediafocus.com\/","logo":{"@type":"ImageObject","inLanguage":"en-US","@id":"https:\/\/sportmediafocus.com\/#\/schema\/logo\/image\/","url":"https:\/\/sportmediafocus.com\/wp-content\/uploads\/2023\/06\/cropped-cropped-Screenshot-2023-06-26-at-20.20.54.png","contentUrl":"https:\/\/sportmediafocus.com\/wp-content\/uploads\/2023\/06\/cropped-cropped-Screenshot-2023-06-26-at-20.20.54.png","width":512,"height":512,"caption":"Sport Media Focus"},"image":{"@id":"https:\/\/sportmediafocus.com\/#\/schema\/logo\/image\/"}}]}},"_links":{"self":[{"href":"https:\/\/sportmediafocus.com\/en\/wp-json\/wp\/v2\/pages\/1030","targetHints":{"allow":["GET"]}}],"collection":[{"href":"https:\/\/sportmediafocus.com\/en\/wp-json\/wp\/v2\/pages"}],"about":[{"href":"https:\/\/sportmediafocus.com\/en\/wp-json\/wp\/v2\/types\/page"}],"author":[{"embeddable":true,"href":"https:\/\/sportmediafocus.com\/en\/wp-json\/wp\/v2\/users\/1"}],"replies":[{"embeddable":true,"href":"https:\/\/sportmediafocus.com\/en\/wp-json\/wp\/v2\/comments?post=1030"}],"version-history":[{"count":4,"href":"https:\/\/sportmediafocus.com\/en\/wp-json\/wp\/v2\/pages\/1030\/revisions"}],"predecessor-version":[{"id":1035,"href":"https:\/\/sportmediafocus.com\/en\/wp-json\/wp\/v2\/pages\/1030\/revisions\/1035"}],"wp:attachment":[{"href":"https:\/\/sportmediafocus.com\/en\/wp-json\/wp\/v2\/media?parent=1030"}],"curies":[{"name":"wp","href":"https:\/\/api.w.org\/{rel}","templated":true}]}}